{"id":1964,"date":"2025-09-30T19:03:56","date_gmt":"2025-09-30T16:03:56","guid":{"rendered":"https:\/\/incaamv.md\/?page_id=1964"},"modified":"2025-09-30T19:24:46","modified_gmt":"2025-09-30T16:24:46","slug":"cercetare-2","status":"publish","type":"page","link":"https:\/\/incaamv.gov.md\/en\/cercetare-2\/","title":{"rendered":"RESEARCH"},"content":{"rendered":"<ul class=\"wp-block-kadence-posts kb-posts kadence-posts-list kb-posts-id-1964_d16349-5b content-wrap grid-cols kb-posts-style-boxed grid-sm-col-3 grid-lg-col-3 item-image-style-above\"><li class=\"kb-post-list-item\">\n\t<article class=\"entry content-bg loop-entry post-1949 post type-post status-publish format-standard hentry category-centrul tag-ip\">\n\t\t\t\t<div class=\"entry-content-wrap\">\n\t\t\t<header class=\"entry-header\">\n\t\t<div class=\"entry-taxonomies\">\n\t\t<span class=\"category-links term-links category-style-normal\">\n\t\t\t<a href=\"https:\/\/incaamv.gov.md\/en\/category\/centrul\/\" rel=\"category tag\">Centrul<\/a>\t\t<\/span>\n\t<\/div><!-- .entry-taxonomies -->\n\t<h3 class=\"entry-title\"><a href=\"https:\/\/incaamv.gov.md\/en\/centrul-implementare-in-pedologie\/\" rel=\"bookmark\">IMPLEMENTARE \u00ceN PEDOLOGIE<\/a><\/h3>\t<div class=\"entry-meta entry-meta-divider-dot\">\n\t\t<\/div><!-- .entry-meta -->\n\t<\/header><!-- .entry-header -->\n<footer class=\"entry-footer\">\n\t<\/footer><!-- .entry-footer -->\t\t<\/div>\n\t<\/article>\n<\/li>\n<li class=\"kb-post-list-item\">\n\t<article class=\"entry content-bg loop-entry post-1947 post type-post status-publish format-standard hentry category-centrul tag-iph\">\n\t\t\t\t<div class=\"entry-content-wrap\">\n\t\t\t<header class=\"entry-header\">\n\t\t<div class=\"entry-taxonomies\">\n\t\t<span class=\"category-links term-links category-style-normal\">\n\t\t\t<a href=\"https:\/\/incaamv.gov.md\/en\/category\/centrul\/\" rel=\"category tag\">Centrul<\/a>\t\t<\/span>\n\t<\/div><!-- .entry-taxonomies -->\n\t<h3 class=\"entry-title\"><a href=\"https:\/\/incaamv.gov.md\/en\/centrul-implementare-si-producere-in-horticultura\/\" rel=\"bookmark\">IMPLEMENTARE \u0218I PRODUCERE \u00ceN HORTICULTUR\u0102<\/a><\/h3>\t<div class=\"entry-meta entry-meta-divider-dot\">\n\t\t<\/div><!-- .entry-meta -->\n\t<\/header><!-- .entry-header -->\n<footer class=\"entry-footer\">\n\t<\/footer><!-- .entry-footer -->\t\t<\/div>\n\t<\/article>\n<\/li>\n<li class=\"kb-post-list-item\">\n\t<article class=\"entry content-bg loop-entry post-1945 post type-post status-publish format-standard hentry category-centrul tag-ipv\">\n\t\t\t\t<div class=\"entry-content-wrap\">\n\t\t\t<header class=\"entry-header\">\n\t\t<div class=\"entry-taxonomies\">\n\t\t<span class=\"category-links term-links category-style-normal\">\n\t\t\t<a href=\"https:\/\/incaamv.gov.md\/en\/category\/centrul\/\" rel=\"category tag\">Centrul<\/a>\t\t<\/span>\n\t<\/div><!-- .entry-taxonomies -->\n\t<h3 class=\"entry-title\"><a href=\"https:\/\/incaamv.gov.md\/en\/centrul-de-implementare-si-producere-in-vinificatie\/\" rel=\"bookmark\">IMPLEMENTARE \u0218I PRODUCERE \u00ceN VINIFICA\u021aIE<\/a><\/h3>\t<div class=\"entry-meta entry-meta-divider-dot\">\n\t\t<\/div><!-- .entry-meta -->\n\t<\/header><!-- .entry-header -->\n<footer class=\"entry-footer\">\n\t<\/footer><!-- .entry-footer -->\t\t<\/div>\n\t<\/article>\n<\/li>\n<li class=\"kb-post-list-item\">\n\t<article class=\"entry content-bg loop-entry post-1951 post type-post status-publish format-standard hentry category-centrul tag-ra\">\n\t\t\t\t<div class=\"entry-content-wrap\">\n\t\t\t<header class=\"entry-header\">\n\t\t<div class=\"entry-taxonomies\">\n\t\t<span class=\"category-links term-links category-style-normal\">\n\t\t\t<a href=\"https:\/\/incaamv.gov.md\/en\/category\/centrul\/\" rel=\"category tag\">Centrul<\/a>\t\t<\/span>\n\t<\/div><!-- .entry-taxonomies -->\n\t<h3 class=\"entry-title\"><a href=\"https:\/\/incaamv.gov.md\/en\/centrul-reproductia-animalelor\/\" rel=\"bookmark\">REPRODUC\u021aIA ANIMALELOR<\/a><\/h3>\t<div class=\"entry-meta entry-meta-divider-dot\">\n\t\t<\/div><!-- .entry-meta -->\n\t<\/header><!-- .entry-header -->\n<footer class=\"entry-footer\">\n\t<\/footer><!-- .entry-footer -->\t\t<\/div>\n\t<\/article>\n<\/li>\n<li class=\"kb-post-list-item\">\n\t<article class=\"entry content-bg loop-entry post-1938 post type-post status-publish format-standard hentry category-centrul tag-tsp\">\n\t\t\t\t<div class=\"entry-content-wrap\">\n\t\t\t<header class=\"entry-header\">\n\t\t<div class=\"entry-taxonomies\">\n\t\t<span class=\"category-links term-links category-style-normal\">\n\t\t\t<a href=\"https:\/\/incaamv.gov.md\/en\/category\/centrul\/\" rel=\"category tag\">Centrul<\/a>\t\t<\/span>\n\t<\/div><!-- .entry-taxonomies -->\n\t<h3 class=\"entry-title\"><a href=\"https:\/\/incaamv.gov.md\/en\/centrul-de-testarea-soiurilor-de-plante\/\" rel=\"bookmark\">TESTAREA SOIURILOR DE PLANTE<\/a><\/h3>\t<div class=\"entry-meta entry-meta-divider-dot\">\n\t\t<\/div><!-- .entry-meta -->\n\t<\/header><!-- .entry-header -->\n<footer class=\"entry-footer\">\n\t<\/footer><!-- .entry-footer -->\t\t<\/div>\n\t<\/article>\n<\/li>\n<\/ul>\n\n\n<div style=\"height:35px\" aria-hidden=\"true\" class=\"wp-block-spacer\"><\/div>\n\n\n\n<div class=\"wp-block-columns is-layout-flex wp-container-core-columns-is-layout-28f84493 wp-block-columns-is-layout-flex\">\n<div class=\"wp-block-column has-base-2-background-color has-background has-global-padding is-layout-constrained wp-block-column-is-layout-constrained\" style=\"border-width:1px\">\n<p class=\"has-text-align-center has-x-large-font-size\" style=\"padding-top:var(--wp--preset--spacing--10);padding-bottom:var(--wp--preset--spacing--10);font-style:normal;font-weight:600\">SECTOARE DE TESTARE IMPLEMENTARE <\/p>\n<\/div>\n<\/div>\n\n\n\n<div style=\"height:35px\" aria-hidden=\"true\" class=\"wp-block-spacer\"><\/div>\n\n\n\n<figure class=\"wp-block-table\"><table class=\"has-base-2-background-color has-background has-fixed-layout\"><tbody><tr><td><a href=\"https:\/\/www.google.com\/maps\/place\/%D0%91%D0%B0%D1%87%D0%BE%D0%B9,+%D0%9C%D0%BE%D0%BB%D0%B4%D0%BE%D0%B2%D0%B0\/@46.9467435,28.877972,965m\/data=!3m1!1e3!4m2!3m1!1s0x40c9780f14f551d7:0x2baaacba4fce0bc3!6m1!1e1\" rel=\"noreferrer noopener\" target=\"_blank\">Centrul B\u0103cioi (Chi\u0219in\u0103u)<\/a><\/td><td>106,55 ha&nbsp;\u2013&nbsp;culturi de c\u00e2mp \u0219i legume<\/td><\/tr><tr><td><a href=\"https:\/\/www.google.com\/maps\/@48.2558987,27.9131245,468m\/data=!3m1!1e3\" rel=\"noreferrer noopener\" target=\"_blank\">Centrul V\u00eesoca (Soroca)<\/a><\/td><td>172,72 ha&nbsp;\u2013&nbsp;culturi de c\u00e2mp \u0219i legume<\/td><\/tr><tr><td><a href=\"https:\/\/www.google.com\/maps\/@46.6951653,29.3329904,1220m\/data=!3m1!1e3\" rel=\"noreferrer noopener\" target=\"_blank\">Centrul Grigorievca (C\u0103u\u0219eni)<\/a><\/td><td>104,85 ha&nbsp;\u2013&nbsp;culturi de c\u00e2mp<\/td><\/tr><tr><td><a href=\"https:\/\/www.google.com\/maps\/place\/%D0%97%D1%8B%D1%80%D0%BD%D0%B5%D1%88%D1%82%D1%8C,+%D0%9C%D0%BE%D0%BB%D0%B4%D0%BE%D0%B2%D0%B0\/@46.0046948,28.1559864,513m\/data=!3m1!1e3!4m2!3m1!1s0x40b6698ba5f77c5b:0xe3e12aadb76a8ac3!6m1!1e1\" rel=\"noreferrer noopener\" target=\"_blank\">Centrul Z\u00eerne\u015fti (Cahul)<\/a><\/td><td>172,28 ha&nbsp;\u2013&nbsp;culturi de c\u00e2mp \u0219i legume<\/td><\/tr><tr><td><a href=\"https:\/\/www.google.com\/maps\/place\/%D0%A2%D0%B2%D0%B0%D1%80%D0%B4%D0%B8%D1%86%D0%B0,+%D0%9C%D0%BE%D0%BB%D0%B4%D0%BE%D0%B2%D0%B0\/@46.1796865,29.0199733,1404m\/data=!3m1!1e3!4m2!3m1!1s0x40b7d4f73cc4cccf:0xf6a17ee1eec52bcf!6m1!1e1\" rel=\"noreferrer noopener\" target=\"_blank\">Sectorul Tvardi\u021ba (Taraclia)<\/a><\/td><td>59,50 ha&nbsp;\u2013&nbsp;culturi pomicole \u0219i vi\u021b\u0103 de vie<\/td><\/tr><tr><td><a href=\"https:\/\/www.google.com\/maps\/place\/%D0%A2%D0%B2%D0%B0%D1%80%D0%B4%D0%B8%D1%86%D0%B0,+%D0%9C%D0%BE%D0%BB%D0%B4%D0%BE%D0%B2%D0%B0\/@46.1796865,29.0199733,1404m\/data=!3m1!1e3!4m2!3m1!1s0x40b7d4f73cc4cccf:0xf6a17ee1eec52bcf!6m1!1e1\" rel=\"noreferrer noopener\" target=\"_blank\">Sectorul Pl<\/a><a href=\"https:\/\/www.google.com\/maps\/place\/%D0%9F%D0%B5%D0%BB%D0%B8%D0%BD%D0%B8%D1%8F,+%D0%9C%D0%BE%D0%BB%D0%B4%D0%BE%D0%B2%D0%B0\/@47.9117868,27.8025569,2340m\/data=!3m1!1e3!4m2!3m1!1s0x40cca75f1ce1c75f:0xa6ef0cf1c8017af2!6m1!1e1\" rel=\"noreferrer noopener\" target=\"_blank\">elenia (Drochia)<\/a><\/td><td>53,76 ha \u2013 culturi de c\u00e2mp<\/td><\/tr><tr><td><a href=\"https:\/\/www.google.com\/maps\/place\/%D0%9D%D0%B5%D0%BC%D0%B8%D1%80%D0%BE%D0%B2%D0%BA%D0%B0,+%D0%9C%D0%BE%D0%BB%D0%B4%D0%BE%D0%B2%D0%B0\/@48.086196,28.538201,1581m\/data=!3m1!1e3!4m2!3m1!1s0x40ccf2008af0ddc9:0xb83b9a7a611f2d92!6m1!1e1\" rel=\"noreferrer noopener\" target=\"_blank\">Sectorul Nimereuca (Soroca)<\/a><\/td><td>53,72 ha&nbsp;\u2013&nbsp;culturi pomicole<\/td><\/tr><tr><td><a href=\"https:\/\/www.google.com\/maps\/place\/%D0%9C%D0%B0%D1%80%D0%B0%D0%BC%D0%BE%D0%BD%D0%BE%D0%B2%D0%BA%D0%B0,+%D0%9C%D0%BE%D0%BB%D0%B4%D0%BE%D0%B2%D0%B0\/@48.1906343,27.7850324,1335m\/data=!3m1!1e3!4m2!3m1!1s0x40ccb536fa12b77b:0x9d13f67d7385faa8!6m1!1e1\" rel=\"noreferrer noopener\" target=\"_blank\">Sectorul Maramonovca (Drochia)<\/a><\/td><td>46,81 ha&nbsp;\u2013&nbsp;culturi legumicole<\/td><\/tr><tr><td><a href=\"https:\/\/www.google.com\/maps\/place\/%D0%9D%D0%BE%D0%B2%D0%B0%D1%8F+%D0%9A%D0%BE%D0%B1%D1%83%D1%81%D0%BA%D0%B0,+%D0%9C%D0%BE%D0%BB%D0%B4%D0%BE%D0%B2%D0%B0\/@46.9314271,29.2064206,3294m\/data=!3m1!1e3!4m2!3m1!1s0x40c97333f1842aa1:0xf2735794d50417ef!6m1!1e1\" rel=\"noreferrer noopener\" target=\"_blank\">Sectorul Cobusca Nou\u0103 (Anenii Noi)<\/a><\/td><td>20,80 ha&nbsp;\u2013&nbsp;culturi eterooleaginoase&nbsp;<\/td><\/tr><tr><td><a href=\"https:\/\/www.google.com\/maps\/place\/%D0%A1%D0%B2%D0%B5%D1%82%D0%BB%D1%8B%D0%B9,+%D0%9C%D0%BE%D0%BB%D0%B4%D0%BE%D0%B2%D0%B0\/@46.0166682,28.5360207,825m\/data=!3m1!1e3!4m2!3m1!1s0x40b635bac95b6353:0xd6a7d4022d71aa4a!6m1!1e1\" rel=\"noreferrer noopener\" target=\"_blank\">Sectorul Svetl\u00eei (UTAG)<\/a>&nbsp;&nbsp;&nbsp;&nbsp;&nbsp;&nbsp;&nbsp;&nbsp;<\/td><td>10,14 ha&nbsp;\u2013&nbsp;culturi de c\u00e2mp \u0219i bost\u0103noase&nbsp;<\/td><\/tr><tr><td><a href=\"https:\/\/www.google.com\/maps\/place\/%D0%A1%D0%BA%D1%83%D0%BB%D0%B5%D0%BD%D1%8C,+%D0%9C%D0%BE%D0%BB%D0%B4%D0%BE%D0%B2%D0%B0\/@47.3269542,27.623105,4619m\/data=!3m2!1e3!4b1!4m2!3m1!1s0x40cb1c7e008a3f67:0x391f60e318ebbf43!6m1!1e1\" rel=\"noreferrer noopener\" target=\"_blank\">Sectorul Sculeni (Ungheni)<\/a><\/td><td>10,00 ha&nbsp;\u2013&nbsp;culturi pomicole<\/td><\/tr><tr><td><a href=\"https:\/\/www.google.com\/maps\/place\/%D0%9A%D1%80%D0%B8%D1%85%D0%B0%D0%BD%D0%B0+%D0%92%D0%B5%D0%BA%D0%B5,+%D0%9C%D0%BE%D0%BB%D0%B4%D0%BE%D0%B2%D0%B0\/@45.854283,28.2106668,1988m\/data=!3m1!1e3!4m2!3m1!1s0x40b65be0204cda41:0xd56d98eced5bc663!6m1!1e1\" rel=\"noreferrer noopener\" target=\"_blank\">Sectorul Crihana Veche (Cahul)<\/a><\/td><td>6,01 ha&nbsp;\u2013&nbsp;vi\u021ba de vie<\/td><\/tr><tr><td><a href=\"https:\/\/www.google.com\/maps\/place\/%D0%A1%D0%B0%D0%B4%D0%BE%D0%B2%D0%B0,+%D0%9C%D0%BE%D0%BB%D0%B4%D0%BE%D0%B2%D0%B0\/@47.2036403,28.3585039,474m\/data=!3m1!1e3!4m2!3m1!1s0x40cbb7c303366e9b:0x70d3b5efc3e6b5bf!6m1!1e1\" rel=\"noreferrer noopener\" target=\"_blank\">Sectorul Sadova (C\u0103l\u0103ra\u0219i)<\/a>&nbsp;&nbsp; &nbsp; &nbsp; &nbsp;&nbsp;<\/td><td>5,99 ha&nbsp;\u2013&nbsp;vi\u021ba de vie<\/td><\/tr><tr><td><a href=\"https:\/\/www.google.com\/maps\/place\/%D0%9C%D0%B5%D1%80%D0%B5%D0%BD%D1%8B,+%D0%9C%D0%BE%D0%BB%D0%B4%D0%BE%D0%B2%D0%B0\/@46.96549,29.06215,3899m\/data=!3m1!1e3!4m2!3m1!1s0x40c971234d65f1ff:0x4c9ca48bf58ca485!6m1!1e1\" rel=\"noreferrer noopener\" target=\"_blank\">Sectorul Mereni (Anenii Noi)<\/a><\/td><td>5,0 ha&nbsp;\u2013&nbsp;vi\u021ba de vie<\/td><\/tr><\/tbody><\/table><\/figure>","protected":false},"excerpt":{"rendered":"<p>SECTOARE DE TESTARE IMPLEMENTARE Centrul B\u0103cioi (Chi\u0219in\u0103u) 106,55 ha&nbsp;\u2013&nbsp;culturi de c\u00e2mp \u0219i legume Centrul V\u00eesoca (Soroca) 172,72 ha&nbsp;\u2013&nbsp;culturi de c\u00e2mp \u0219i legume Centrul Grigorievca (C\u0103u\u0219eni) 104,85 ha&nbsp;\u2013&nbsp;culturi de c\u00e2mp Centrul Z\u00eerne\u015fti (Cahul) 172,28 ha&nbsp;\u2013&nbsp;culturi de c\u00e2mp \u0219i legume Sectorul Tvardi\u021ba (Taraclia) 59,50 ha&nbsp;\u2013&nbsp;culturi pomicole \u0219i vi\u021b\u0103 de vie Sectorul Plelenia (Drochia) 53,76 ha \u2013 culturi [&hellip;]<\/p>\n","protected":false},"author":2,"featured_media":0,"parent":0,"menu_order":0,"comment_status":"closed","ping_status":"closed","template":"","meta":{"_eb_attr":"","footnotes":""},"class_list":["post-1964","page","type-page","status-publish","hentry"],"_links":{"self":[{"href":"https:\/\/incaamv.gov.md\/en\/wp-json\/wp\/v2\/pages\/1964","targetHints":{"allow":["GET"]}}],"collection":[{"href":"https:\/\/incaamv.gov.md\/en\/wp-json\/wp\/v2\/pages"}],"about":[{"href":"https:\/\/incaamv.gov.md\/en\/wp-json\/wp\/v2\/types\/page"}],"author":[{"embeddable":true,"href":"https:\/\/incaamv.gov.md\/en\/wp-json\/wp\/v2\/users\/2"}],"replies":[{"embeddable":true,"href":"https:\/\/incaamv.gov.md\/en\/wp-json\/wp\/v2\/comments?post=1964"}],"version-history":[{"count":11,"href":"https:\/\/incaamv.gov.md\/en\/wp-json\/wp\/v2\/pages\/1964\/revisions"}],"predecessor-version":[{"id":1991,"href":"https:\/\/incaamv.gov.md\/en\/wp-json\/wp\/v2\/pages\/1964\/revisions\/1991"}],"wp:attachment":[{"href":"https:\/\/incaamv.gov.md\/en\/wp-json\/wp\/v2\/media?parent=1964"}],"curies":[{"name":"wp","href":"https:\/\/api.w.org\/{rel}","templated":true}]}}