{"id":9,"date":"2024-03-02T10:06:50","date_gmt":"2024-03-02T10:06:50","guid":{"rendered":"https:\/\/isphta.md\/?page_id=9"},"modified":"2025-09-24T19:44:21","modified_gmt":"2025-09-24T16:44:21","slug":"despre-noi","status":"publish","type":"page","link":"https:\/\/incaamv.gov.md\/en\/despre-noi\/","title":{"rendered":"About"},"content":{"rendered":"<div class=\"wp-block-columns is-layout-flex wp-container-core-columns-is-layout-28f84493 wp-block-columns-is-layout-flex\">\n<div class=\"wp-block-column has-medium-font-size is-layout-flow wp-block-column-is-layout-flow\">\n<h2 class=\"wp-block-heading is-style-default\"><strong>General Info<\/strong><\/h2>\n\n\n\n<p class=\"has-text-align-left has-medium-font-size\"><strong>National Institute for Applied Research in Agriculture and Veterinary Medicine<\/strong> was created through the merger and reorganization of the Public Institution Institute of Pedology, Agrochemistry, and Soil Protection \"Nicolae Dimo,\" the Public Institution Scientific-Practical Institute of Horticulture and Food Technologies, the Public Institution Scientific-Practical Institute of Biotechnology in Animal Husbandry and Veterinary Medicine, the Public Institution Center for Animal Breeding and Reproduction, including the Center for Research on Aquatic Genetic Resources \"ACVAGENRESURS\" (with branch status), and the Public Institution State Commission for Plant Variety Testing, in accordance with Government Decision No. 668 of 09-25-2024.<\/p>\n\n\n\n<p class=\"has-text-align-left has-medium-font-size\"><br>The Institute's mission is to carry out applied and fundamental research, innovation, testing and implementation activities in the agri-food sector, veterinary medicine and food safety, based on the principles of environmental and natural resource protection, on the conservation and development of agrobiocenoses and the genetic fund, in order to achieve harmless agricultural production and the sustainable development of agriculture and the rural environment.<\/p>\n\n\n\n<p class=\"has-text-align-left has-medium-font-size\"><br>The Institute's general areas of competence are the following:<br>\u2013 food security \u2013 the development of agricultural technologies and practices to ensure sufficient food production in the context of global population growth;<br>\u2013 adaptation to climate change \u2013 identifying solutions to manage the impact of climate change on agriculture and to develop crops, breeds and hybrids resistant to variable climatic conditions;<br>\u2013 resource efficiency \u2013 identifying ways to efficiently use water, soil, feed, additives and agricultural inputs;<br>\u2013 protection of soil and water resources \u2013 sustainable use, increasing the production potential of soils and optimizing the nutrition of agricultural plants;<br>\u2013 sustainability \u2013 scientific research and implementation of environmentally friendly sustainable agri-food practices, including the bioconversion of agri-food waste and the rational use of products obtained from it;<br>\u2013 plant, animal and aquaculture health \u2013 identification, prevention and control of diseases and pests;<br>\u2013 development of the genetic pool \u2013 management and maintenance of horticultural and animal genetic resources under conditions of adaptation and climate resilience;<br>\u2013 technological innovation \u2013 promoting innovative agri-food technologies, using information technologies, artificial intelligence and biotechnology; &nbsp;<br>\u2013 technology transfer \u2013 developing efficient mechanisms for the rapid transfer of technologies and knowledge in the field of agricultural research to farmers and practitioners in the field;<br>\u2013 testing new plant varieties;<br>\u2013 representing the Republic of Moldova, together with the National Food Safety Agency, at the sessions of the International Union for the Protection of New Varieties of Plants, as well as in other international and intergovernmental organizations for the protection of plant varieties, maintaining bilateral and multilateral cooperation relations with them.<br><br><strong>The Institute has the following functions<\/strong>:<\/p>\n\n\n\n<ul class=\"wp-block-list\">\n<li> animal husbandry and veterinary medicine<\/li>\n\n\n\n<li>horticulture<\/li>\n\n\n\n<li>food industry<\/li>\n\n\n\n<li>winemaking<\/li>\n\n\n\n<li>pedology and agrochemistry<\/li>\n\n\n\n<li>organic products<\/li>\n\n\n\n<li>digital sciences, data and technologies in agriculture<\/li>\n\n\n\n<li>technology transfer, innovations, knowledge and consultancy&nbsp;<\/li>\n<\/ul>\n\n\n\n<p class=\"has-text-align-left\"><strong>STRUCTURE<\/strong><br>The governing bodies of the Institute are:<br>- The Director;<br>- The Administrative Council.<br>- The Scientific Council.<br>Horticultural Department<br>Department of Food Industry and Winemaking<br>Department of Pedology and Agrochemistry<br>Department of Animal and Aquatic Genetic Resources<br>Animal Health Department<br>Food Safety Department<br>Department of Organic Products and Climate Change Adaptation Measures<br>Winemaking Implementation and Production Center<br>Horticulture Implementation and Production Center<br>Pedology Implementation Center<br>Plant variety testing center<br>Animal breeding center<\/p>\n\n\n\n<p><strong>Services provided:<\/strong><\/p>\n\n\n\n<ol class=\"wp-block-list\">\n<li>Laboratory investigations (Animal health, chemical analysis of feed, soil analysis, irrigation water analysis, solid organic fertilizer analysis, field crop production analysis, horticultural plant analysis, wine production, food product analysis);<\/li>\n\n\n\n<li>Providing specialist consultations;<\/li>\n\n\n\n<li>Organizing and conducting training for farmers in the specialized field;<\/li>\n\n\n\n<li>Testing plant varieties;<\/li>\n\n\n\n<li>Development of technologies and technological documents in specialized fields;<\/li>\n\n\n\n<li>Services in the field of zootechnics and veterinary medicine;<\/li>\n\n\n\n<li>Services in the field of food technologies;<\/li>\n\n\n\n<li>Services in the field of pedology and agrochemistry;<\/li>\n<\/ol>\n\n\n\n<p><strong>Authors' indicators<\/strong>&nbsp;can be viewed here:&nbsp;<a href=\"https:\/\/ibn.idsi.md\/identificatori_inst\/807\">IBN (idsi.md)<\/a><\/p>\n\n\n\n<p><strong>Activitatea editorial\u0103 al INCAAMV (inclusiv fosta I\u0218PHTA)<\/strong>&nbsp;can be viewed here: <a href=\"https:\/\/ibn.idsi.md\/instit_articles\/807\">IBN (idsi.md)<\/a><\/p>\n\n\n\n<p><\/p>\n<\/div>\n<\/div>\n\n\n\n<p><\/p>","protected":false},"excerpt":{"rendered":"<p>DATE GENERALE Institutul Na\u021bional de Cercet\u0103ri Aplicative \u00een Agricultur\u0103 \u0219i Medicin\u0103 Veterinar\u0103 a fost creat\u0103 prin fuziunea \u0219i reorganizarea Institu\u021biei Publice Institutul de Pedologie, Agrochimie \u0219i Protec\u021bie a Solului \u201eNicolae Dimo\u201d, Institu\u021bia Public\u0103 Institutul \u0218tiin\u021bifico-Practic de Horticultur\u0103 \u0219i Tehnologii Alimentare, Institu\u021bia Public\u0103 Institutul \u0218tiin\u021bifico-Practic de Biotehnologii \u00een Zootehnie \u0219i Medicin\u0103 Veterinar\u0103, Institu\u021bia Public\u0103 Centrul pentru [&hellip;]<\/p>\n","protected":false},"author":1,"featured_media":0,"parent":0,"menu_order":0,"comment_status":"closed","ping_status":"closed","template":"","meta":{"_eb_attr":"","footnotes":""},"class_list":["post-9","page","type-page","status-publish","hentry"],"_links":{"self":[{"href":"https:\/\/incaamv.gov.md\/en\/wp-json\/wp\/v2\/pages\/9","targetHints":{"allow":["GET"]}}],"collection":[{"href":"https:\/\/incaamv.gov.md\/en\/wp-json\/wp\/v2\/pages"}],"about":[{"href":"https:\/\/incaamv.gov.md\/en\/wp-json\/wp\/v2\/types\/page"}],"author":[{"embeddable":true,"href":"https:\/\/incaamv.gov.md\/en\/wp-json\/wp\/v2\/users\/1"}],"replies":[{"embeddable":true,"href":"https:\/\/incaamv.gov.md\/en\/wp-json\/wp\/v2\/comments?post=9"}],"version-history":[{"count":17,"href":"https:\/\/incaamv.gov.md\/en\/wp-json\/wp\/v2\/pages\/9\/revisions"}],"predecessor-version":[{"id":1799,"href":"https:\/\/incaamv.gov.md\/en\/wp-json\/wp\/v2\/pages\/9\/revisions\/1799"}],"wp:attachment":[{"href":"https:\/\/incaamv.gov.md\/en\/wp-json\/wp\/v2\/media?parent=9"}],"curies":[{"name":"wp","href":"https:\/\/api.w.org\/{rel}","templated":true}]}}